{"id":1433,"date":"2022-06-04T19:40:59","date_gmt":"2022-06-04T19:40:59","guid":{"rendered":"https:\/\/catte-vsgp.org\/?page_id=1433"},"modified":"2023-02-09T12:32:53","modified_gmt":"2023-02-09T12:32:53","slug":"contact","status":"publish","type":"page","link":"https:\/\/catte-vsgp.org\/index.php\/contact\/","title":{"rendered":"Nous rejoindre"},"content":{"rendered":"<p>[et_pb_section fb_built=&#8221;1&#8243; admin_label=&#8221;Header&#8221; _builder_version=&#8221;4.16&#8243; _module_preset=&#8221;default&#8221; background_color=&#8221;#f2ebe4&#8243; global_colors_info=&#8221;{}&#8221;][et_pb_row _builder_version=&#8221;4.16&#8243; _module_preset=&#8221;default&#8221; custom_margin=&#8221;|auto|20px|auto|false|false&#8221; custom_margin_tablet=&#8221;||28px||false|false&#8221; custom_margin_phone=&#8221;||13px||false|false&#8221; custom_margin_last_edited=&#8221;on|phone&#8221; global_colors_info=&#8221;{}&#8221;][et_pb_column type=&#8221;4_4&#8243; _builder_version=&#8221;4.16&#8243; _module_preset=&#8221;default&#8221; global_colors_info=&#8221;{}&#8221;][et_pb_text _builder_version=&#8221;4.16&#8243; _module_preset=&#8221;default&#8221; header_4_font=&#8221;DM Sans|700||on|||||&#8221; header_4_text_color=&#8221;#EF8451&#8243; header_4_font_size=&#8221;14px&#8221; header_4_letter_spacing=&#8221;1px&#8221; header_4_line_height=&#8221;1.5em&#8221; custom_margin=&#8221;||0px||false|false&#8221; header_4_font_size_tablet=&#8221;14px&#8221; header_4_font_size_phone=&#8221;&#8221; header_4_font_size_last_edited=&#8221;on|tablet&#8221; locked=&#8221;off&#8221; global_colors_info=&#8221;{}&#8221;]<\/p>\n<h4>Contact<\/h4>\n<p>[\/et_pb_text][et_pb_text _builder_version=&#8221;4.16&#8243; _module_preset=&#8221;default&#8221; header_font=&#8221;DM Sans||||||||&#8221; header_text_color=&#8221;#093532&#8243; header_font_size=&#8221;64px&#8221; header_letter_spacing=&#8221;-0.02em&#8221; header_line_height=&#8221;1.15em&#8221; custom_margin=&#8221;||16px||false|false&#8221; header_font_size_tablet=&#8221;40px&#8221; header_font_size_phone=&#8221;24px&#8221; header_font_size_last_edited=&#8221;on|desktop&#8221; locked=&#8221;off&#8221; global_colors_info=&#8221;{}&#8221;]<\/p>\n<h1>Nous rejoindre<\/h1>\n<p>[\/et_pb_text][et_pb_text _builder_version=&#8221;4.17.4&#8243; _module_preset=&#8221;default&#8221; text_font=&#8221;Nanum Myeongjo|700|||||||&#8221; text_text_color=&#8221;#0F393B&#8221; text_font_size=&#8221;18px&#8221; text_line_height=&#8221;1.8em&#8221; width=&#8221;96.7%&#8221; text_font_size_tablet=&#8221;16px&#8221; text_font_size_phone=&#8221;14px&#8221; text_font_size_last_edited=&#8221;on|phone&#8221; locked=&#8221;off&#8221; global_colors_info=&#8221;{}&#8221;]<\/p>\n<p>Vous souhaitez agir pour la transition \u00e9cologique au sein de CATTE ou simplement soutenir les travaux de CATTE, alors rejoignez-nous !<\/p>\n<p>[\/et_pb_text][et_pb_blurb title=&#8221;Email&#8221; image=&#8221;http:\/\/catte-vsgp.org\/wp-content\/uploads\/2022\/06\/ngo-icon-16.png&#8221; icon_placement=&#8221;left&#8221; image_icon_width=&#8221;80px&#8221; content_max_width=&#8221;100%&#8221; _builder_version=&#8221;4.16&#8243; _module_preset=&#8221;default&#8221; header_font=&#8221;DM Sans||||||||&#8221; header_text_color=&#8221;#6b8483&#8243; header_font_size=&#8221;16px&#8221; header_letter_spacing=&#8221;1px&#8221; header_line_height=&#8221;1.3em&#8221; body_font=&#8221;DM Sans|700|||||||&#8221; body_text_color=&#8221;#093532&#8243; body_font_size=&#8221;13px&#8221; body_link_text_color=&#8221;#0F393B&#8221; animation=&#8221;off&#8221; image_max_width=&#8221;80px&#8221; global_colors_info=&#8221;{}&#8221;]<\/p>\n<p>catte.vsgp@laposte.net<\/p>\n<p>[\/et_pb_blurb][\/et_pb_column][\/et_pb_row][et_pb_row column_structure=&#8221;1_2,1_2&#8243; _builder_version=&#8221;4.17.4&#8243; _module_preset=&#8221;default&#8221; custom_margin=&#8221;||75px||false|false&#8221; custom_margin_tablet=&#8221;||28px||false|false&#8221; custom_margin_phone=&#8221;||13px||false|false&#8221; custom_margin_last_edited=&#8221;on|phone&#8221; global_colors_info=&#8221;{}&#8221;][et_pb_column type=&#8221;1_2&#8243; _builder_version=&#8221;4.16&#8243; _module_preset=&#8221;default&#8221; background_color=&#8221;#FFFFFF&#8221; custom_padding=&#8221;40px|30px|40px|30px|true|true&#8221; custom_padding_tablet=&#8221;&#8221; custom_padding_phone=&#8221;|20px||20px|true|true&#8221; custom_padding_last_edited=&#8221;on|phone&#8221; border_radii=&#8221;on|26px|26px|26px|26px&#8221; box_shadow_style=&#8221;preset3&#8243; box_shadow_vertical=&#8221;40px&#8221; box_shadow_blur=&#8221;60px&#8221; box_shadow_spread=&#8221;-10px&#8221; box_shadow_color=&#8221;rgba(3,86,92,0.1)&#8221; global_colors_info=&#8221;{}&#8221;][et_pb_text _builder_version=&#8221;4.19.1&#8243; _module_preset=&#8221;default&#8221; hover_enabled=&#8221;0&#8243; global_colors_info=&#8221;{}&#8221; sticky_enabled=&#8221;0&#8243;]<\/p>\n<p>Vous \u00eates <b>citoyen<\/b> de VSGP :\u00a0 vous souhaitez participer \u00e0 un groupe de r\u00e9flexion th\u00e9matiques (alimentation, am\u00e9nagement, b\u00e2timents, consommation, \u00e9nergie, fiancements, transports, \u2026), pour \u00e9couter et apprendre ou pour participer aux r\u00e9flexions et aux propositions du groupe. Il vous suffit pour cela de rejoindre une des associations de CATTE. Vous trouverez la liste des assos participantes de votre ville <a href=\"https:\/\/catte-vsgp.org\/index.php\/les-associations\/\" target=\"_blank\" rel=\"noopener\">ici<\/a>.<\/p>\n<p>Vous ne souhaitez pas rejoindre une asso, contactez-nous : catte.vsgp@laposte.net<\/p>\n<p>[\/et_pb_text][\/et_pb_column][et_pb_column type=&#8221;1_2&#8243; _builder_version=&#8221;4.16&#8243; _module_preset=&#8221;default&#8221; background_color=&#8221;#FFFFFF&#8221; custom_padding=&#8221;40px|30px|40px|30px|true|true&#8221; custom_padding_tablet=&#8221;&#8221; custom_padding_phone=&#8221;|20px||20px|true|true&#8221; custom_padding_last_edited=&#8221;on|phone&#8221; border_radii=&#8221;on|26px|26px|26px|26px&#8221; box_shadow_style=&#8221;preset3&#8243; box_shadow_vertical=&#8221;40px&#8221; box_shadow_blur=&#8221;60px&#8221; box_shadow_spread=&#8221;-10px&#8221; box_shadow_color=&#8221;rgba(3,86,92,0.1)&#8221; global_colors_info=&#8221;{}&#8221;][et_pb_text _builder_version=&#8221;4.19.1&#8243; _module_preset=&#8221;default&#8221; hover_enabled=&#8221;0&#8243; global_colors_info=&#8221;{}&#8221; sticky_enabled=&#8221;0&#8243;]<\/p>\n<p>Vous \u00eates une <b>association <\/b>de VSGP. Que vous souhaitiez simplement afficher votre soutien \u00e0 CATTE et ses actions, ou que vous souhaitiez participer activement \u00e0 l&#8217;animation de la Coordination, faites-nous parvenir \u00e0 l&#8217;adresse catte.vsgp@laposte.net :<\/p>\n<p><span style=\"font-size: 14px;\">&#8211; le nom et les statuts de votre association<\/span><\/p>\n<p>&#8211; l&#8217;adresse mail de l&#8217;asso<\/p>\n<p>&#8211; l&#8217;adresse de votre site internet si vous en avez un, auquel cas pr\u00e9cisez-nous si vous souhaitez que notre site y renvoie<\/p>\n<p>&#8211; le nom et l&#8217;adresse mail de la personne relai entre votre association et CATTE. Sauf si vous ne le souhaitez pas, cette adresse sera ajout\u00e9e \u00e0 la liste de diffusion de CATTE. L&#8217;adresse mail de l&#8217;association peut \u00e9galement \u00eatre ajout\u00e9e \u00e0 cette liste.<\/p>\n<p>&#8211; votre logo<\/p>\n<p>Votre logo appara\u00eetra sur les planches de pr\u00e9sentation de CATTE et vous serez comptabilis\u00e9s dans les soutiens de la Coordination !<\/p>\n<p>[\/et_pb_text][\/et_pb_column][\/et_pb_row][\/et_pb_section]<\/p>\n","protected":false},"excerpt":{"rendered":"<p>ContactNous rejoindreVous souhaitez agir pour la transition \u00e9cologique au sein de CATTE ou simplement soutenir les travaux de CATTE, alors rejoignez-nous !catte.vsgp@laposte.netVous \u00eates citoyen de VSGP :\u00a0 vous souhaitez participer \u00e0 un groupe de r\u00e9flexion th\u00e9matiques (alimentation, am\u00e9nagement, b\u00e2timents, consommation, \u00e9nergie, fiancements, transports, \u2026), pour \u00e9couter et apprendre ou pour participer aux r\u00e9flexions et aux [&hellip;]<\/p>\n","protected":false},"author":1,"featured_media":0,"parent":0,"menu_order":0,"comment_status":"closed","ping_status":"closed","template":"","meta":{"_et_pb_use_builder":"on","_et_pb_old_content":"","_et_gb_content_width":"","_mi_skip_tracking":false,"_monsterinsights_sitenote_active":false,"_monsterinsights_sitenote_note":"","_monsterinsights_sitenote_category":0},"aioseo_notices":[],"_links":{"self":[{"href":"https:\/\/catte-vsgp.org\/index.php\/wp-json\/wp\/v2\/pages\/1433"}],"collection":[{"href":"https:\/\/catte-vsgp.org\/index.php\/wp-json\/wp\/v2\/pages"}],"about":[{"href":"https:\/\/catte-vsgp.org\/index.php\/wp-json\/wp\/v2\/types\/page"}],"author":[{"embeddable":true,"href":"https:\/\/catte-vsgp.org\/index.php\/wp-json\/wp\/v2\/users\/1"}],"replies":[{"embeddable":true,"href":"https:\/\/catte-vsgp.org\/index.php\/wp-json\/wp\/v2\/comments?post=1433"}],"version-history":[{"count":6,"href":"https:\/\/catte-vsgp.org\/index.php\/wp-json\/wp\/v2\/pages\/1433\/revisions"}],"predecessor-version":[{"id":1768,"href":"https:\/\/catte-vsgp.org\/index.php\/wp-json\/wp\/v2\/pages\/1433\/revisions\/1768"}],"wp:attachment":[{"href":"https:\/\/catte-vsgp.org\/index.php\/wp-json\/wp\/v2\/media?parent=1433"}],"curies":[{"name":"wp","href":"https:\/\/api.w.org\/{rel}","templated":true}]}}