{"id":1446,"date":"2022-06-24T07:49:52","date_gmt":"2022-06-24T07:49:52","guid":{"rendered":"https:\/\/catte-vsgp.org\/?page_id=1446"},"modified":"2022-11-28T17:09:42","modified_gmt":"2022-11-28T17:09:42","slug":"publications","status":"publish","type":"page","link":"https:\/\/catte-vsgp.org\/index.php\/publications\/","title":{"rendered":"Publications"},"content":{"rendered":"<p>[et_pb_section fb_built=&#8221;1&#8243; admin_label=&#8221;Header&#8221; _builder_version=&#8221;4.16&#8243; _module_preset=&#8221;default&#8221; background_color=&#8221;#f5f3ee&#8221; background_image=&#8221;http:\/\/catte-vsgp.org\/wp-content\/uploads\/2022\/06\/NGO-img-10.png&#8221; background_size=&#8221;initial&#8221; background_position=&#8221;bottom_center&#8221; custom_padding=&#8221;8vw||8vw||true|false&#8221; global_colors_info=&#8221;{}&#8221;][et_pb_row _builder_version=&#8221;4.16&#8243; _module_preset=&#8221;default&#8221; global_colors_info=&#8221;{}&#8221;][et_pb_column type=&#8221;4_4&#8243; _builder_version=&#8221;4.16&#8243; _module_preset=&#8221;default&#8221; global_colors_info=&#8221;{}&#8221;][et_pb_text _builder_version=&#8221;4.17.4&#8243; _module_preset=&#8221;534cc526-6274-4e31-9e1a-7f18a5947bf1&#8243; header_4_font=&#8221;DM Sans|700||on|||||&#8221; header_4_text_align=&#8221;center&#8221; header_4_text_color=&#8221;#EF8451&#8243; header_4_font_size=&#8221;14px&#8221; header_4_letter_spacing=&#8221;1px&#8221; header_4_line_height=&#8221;1.5em&#8221; custom_margin=&#8221;||0px||false|false&#8221; header_4_font_size_tablet=&#8221;14px&#8221; header_4_font_size_phone=&#8221;&#8221; header_4_font_size_last_edited=&#8221;on|tablet&#8221; locked=&#8221;off&#8221; global_colors_info=&#8221;{}&#8221;]<\/p>\n<h4>nos publications<\/h4>\n<p>[\/et_pb_text][et_pb_text _builder_version=&#8221;4.19.1&#8243; _module_preset=&#8221;df96b77a-cd4f-44a8-a771-2d6347592b53&#8243; header_2_font=&#8221;DM Sans||||||||&#8221; header_2_text_align=&#8221;center&#8221; header_2_text_color=&#8221;#093532&#8243; header_2_font_size=&#8221;50px&#8221; header_2_letter_spacing=&#8221;-0.02em&#8221; header_2_line_height=&#8221;1.15em&#8221; hover_enabled=&#8221;0&#8243; header_2_font_size_tablet=&#8221;32px&#8221; header_2_font_size_phone=&#8221;20px&#8221; header_2_font_size_last_edited=&#8221;on|desktop&#8221; locked=&#8221;off&#8221; global_colors_info=&#8221;{}&#8221; sticky_enabled=&#8221;0&#8243;]<\/p>\n<h3>Dans le cadre de ses activit\u00e9s, ancr\u00e9es sur le Territoire VSGP, CATTE publie sur cette page le r\u00e9sultat de ses travaux et les courriers destin\u00e9s aux \u00e9lus de VSGP et aux instances<\/h3>\n<p>[\/et_pb_text][\/et_pb_column][\/et_pb_row][\/et_pb_section][et_pb_section fb_built=&#8221;1&#8243; admin_label=&#8221;Blog&#8221; _builder_version=&#8221;4.16&#8243; _module_preset=&#8221;default&#8221; background_color=&#8221;#f5f3ee&#8221; global_colors_info=&#8221;{}&#8221;][et_pb_row _builder_version=&#8221;4.16&#8243; _module_preset=&#8221;default&#8221; global_colors_info=&#8221;{}&#8221;][et_pb_column type=&#8221;4_4&#8243; _builder_version=&#8221;4.16&#8243; _module_preset=&#8221;default&#8221; global_colors_info=&#8221;{}&#8221;][et_pb_blog fullwidth=&#8221;off&#8221; posts_number=&#8221;9&#8243; include_categories=&#8221;10&#8243; _builder_version=&#8221;4.18.0&#8243; _module_preset=&#8221;default&#8221; header_font=&#8221;DM Sans|700|||||||&#8221; header_text_color=&#8221;#093532&#8243; header_font_size=&#8221;18px&#8221; header_line_height=&#8221;1.3em&#8221; body_font=&#8221;DM Sans||||||||&#8221; body_text_color=&#8221;#0F393B&#8221; body_line_height=&#8221;1.6em&#8221; meta_font=&#8221;DM Sans|700|||||||&#8221; meta_text_color=&#8221;#EF8451&#8243; meta_font_size=&#8221;14px&#8221; pagination_font=&#8221;DM Sans|700||on|||||&#8221; pagination_text_color=&#8221;#ff7753&#8243; pagination_font_size=&#8221;12px&#8221; pagination_letter_spacing=&#8221;2px&#8221; background_enable_color=&#8221;off&#8221; text_orientation=&#8221;left&#8221; header_font_size_tablet=&#8221;18px&#8221; header_font_size_phone=&#8221;16px&#8221; header_font_size_last_edited=&#8221;on|desktop&#8221; body_font_size_tablet=&#8221;14px&#8221; body_font_size_last_edited=&#8221;off|desktop&#8221; border_radii=&#8221;on|8px|8px|8px|8px&#8221; border_width_all=&#8221;0px&#8221; box_shadow_style=&#8221;preset3&#8243; box_shadow_vertical=&#8221;40px&#8221; box_shadow_blur=&#8221;60px&#8221; box_shadow_spread=&#8221;-10px&#8221; box_shadow_color=&#8221;rgba(0,0,0,0.15)&#8221; locked=&#8221;off&#8221; global_colors_info=&#8221;{}&#8221;][\/et_pb_blog][\/et_pb_column][\/et_pb_row][\/et_pb_section][et_pb_section fb_built=&#8221;1&#8243; admin_label=&#8221;Subscribe&#8221; _builder_version=&#8221;4.16&#8243; _module_preset=&#8221;default&#8221; background_color=&#8221;#f5f3ee&#8221; global_colors_info=&#8221;{}&#8221;][et_pb_row _builder_version=&#8221;4.16&#8243; _module_preset=&#8221;default&#8221; background_color=&#8221;#f2ebe4&#8243; custom_padding=&#8221;60px|60px|60px|60px|true|true&#8221; border_radii=&#8221;on|20px|20px|20px|20px&#8221; global_colors_info=&#8221;{}&#8221;][et_pb_column type=&#8221;4_4&#8243; _builder_version=&#8221;4.16&#8243; _module_preset=&#8221;default&#8221; global_colors_info=&#8221;{}&#8221;][et_pb_text _builder_version=&#8221;4.16&#8243; _module_preset=&#8221;534cc526-6274-4e31-9e1a-7f18a5947bf1&#8243; header_4_font=&#8221;DM Sans|700||on|||||&#8221; header_4_text_color=&#8221;#EF8451&#8243; header_4_font_size=&#8221;14px&#8221; header_4_letter_spacing=&#8221;1px&#8221; header_4_line_height=&#8221;1.5em&#8221; text_orientation=&#8221;center&#8221; custom_margin=&#8221;||0px||false|false&#8221; header_4_font_size_tablet=&#8221;14px&#8221; header_4_font_size_phone=&#8221;&#8221; header_4_font_size_last_edited=&#8221;on|tablet&#8221; locked=&#8221;off&#8221; global_colors_info=&#8221;{}&#8221;]<\/p>\n<h4>Newsletter<\/h4>\n<p>[\/et_pb_text][et_pb_signup mailchimp_list=&#8221;remove_account&#8221; layout=&#8221;top_bottom&#8221; name_field=&#8221;on&#8221; _builder_version=&#8221;4.16&#8243; _module_preset=&#8221;default&#8221; form_field_background_color=&#8221;#F5F3EE&#8221; form_field_text_color=&#8221;#6B8483&#8243; form_field_font=&#8221;DM Sans||||||||&#8221; form_field_font_size=&#8221;14px&#8221; background_color=&#8221;#FFFFFF&#8221; custom_button=&#8221;on&#8221; button_text_size=&#8221;14px&#8221; button_text_color=&#8221;#FFFFFF&#8221; button_bg_color=&#8221;#EF8451&#8243; button_border_width=&#8221;0px&#8221; button_border_radius=&#8221;32px&#8221; button_letter_spacing=&#8221;1px&#8221; button_font=&#8221;DM Sans|700||on|||||&#8221; button_custom_padding=&#8221;8px||8px||true|false&#8221; max_width=&#8221;640px&#8221; module_alignment=&#8221;center&#8221; border_radii=&#8221;on|20px|20px|20px|20px&#8221; border_radii_fields=&#8221;on|11px|11px|11px|11px&#8221; locked=&#8221;off&#8221; global_colors_info=&#8221;{}&#8221;][\/et_pb_signup][\/et_pb_column][\/et_pb_row][\/et_pb_section][et_pb_section fb_built=&#8221;1&#8243; admin_label=&#8221;Footer&#8221; _builder_version=&#8221;4.16&#8243; _module_preset=&#8221;default&#8221; background_color=&#8221;#0f393b&#8221; custom_padding=&#8221;5vw||5vw||true|false&#8221; border_radii=&#8221;off|20px|20px||&#8221; saved_tabs=&#8221;all&#8221; locked=&#8221;off&#8221; global_colors_info=&#8221;{}&#8221;][\/et_pb_section]<\/p>\n","protected":false},"excerpt":{"rendered":"<p>nos publicationsDans le cadre de ses activit\u00e9s, ancr\u00e9es sur le Territoire VSGP, CATTE publie sur cette page le r\u00e9sultat de ses travaux et les courriers destin\u00e9s aux \u00e9lus de VSGP et aux instancesNewsletter<\/p>\n","protected":false},"author":1,"featured_media":0,"parent":0,"menu_order":0,"comment_status":"closed","ping_status":"closed","template":"","meta":{"_et_pb_use_builder":"on","_et_pb_old_content":"","_et_gb_content_width":"","_mi_skip_tracking":false,"_monsterinsights_sitenote_active":false,"_monsterinsights_sitenote_note":"","_monsterinsights_sitenote_category":0},"aioseo_notices":[],"_links":{"self":[{"href":"https:\/\/catte-vsgp.org\/index.php\/wp-json\/wp\/v2\/pages\/1446"}],"collection":[{"href":"https:\/\/catte-vsgp.org\/index.php\/wp-json\/wp\/v2\/pages"}],"about":[{"href":"https:\/\/catte-vsgp.org\/index.php\/wp-json\/wp\/v2\/types\/page"}],"author":[{"embeddable":true,"href":"https:\/\/catte-vsgp.org\/index.php\/wp-json\/wp\/v2\/users\/1"}],"replies":[{"embeddable":true,"href":"https:\/\/catte-vsgp.org\/index.php\/wp-json\/wp\/v2\/comments?post=1446"}],"version-history":[{"count":9,"href":"https:\/\/catte-vsgp.org\/index.php\/wp-json\/wp\/v2\/pages\/1446\/revisions"}],"predecessor-version":[{"id":1722,"href":"https:\/\/catte-vsgp.org\/index.php\/wp-json\/wp\/v2\/pages\/1446\/revisions\/1722"}],"wp:attachment":[{"href":"https:\/\/catte-vsgp.org\/index.php\/wp-json\/wp\/v2\/media?parent=1446"}],"curies":[{"name":"wp","href":"https:\/\/api.w.org\/{rel}","templated":true}]}}